{"id":10281,"date":"2023-11-21T20:42:39","date_gmt":"2023-11-21T20:42:39","guid":{"rendered":"https:\/\/almacentecno.com.ar\/?post_type=product&#038;p=10281"},"modified":"2025-12-26T22:42:28","modified_gmt":"2025-12-26T22:42:28","slug":"game-stick-2-4g-consola-portatil-videojuego-retro-ps5","status":"publish","type":"product","link":"https:\/\/almacentecno.com.ar\/index.php\/product\/game-stick-2-4g-consola-portatil-videojuego-retro-ps5\/","title":{"rendered":"Game Stick 2.4g Consola Port\u00e1til Videojuego Retro modelo PS5"},"content":{"rendered":"<p>GAME STICK CONSOLE PORT\u00c1TIL JOGOS RETRO 2.4G WIRELESS LITE CONTROLED GAMEPAD<\/p>\n<p>Console Game Stick 4k compacto, plug and play, no ocupa mucho espacio, f\u00e1cil de llevar, adecuado para viajes y uso dom\u00e9stico. Esta consola es compatible con la conexi\u00f3n HDMI y puedes disfrutar de una variedad de juegos animados. Con esta nueva funci\u00f3n tendr\u00e1s una variedad de juegos de diferentes consolas integradas en un solo dispositivo compacto y encima de eso con controles inal\u00e1mbricosCARACTER\u00cdSTICAS:<\/p>\n<p>* La consola de juegos 2024 est\u00e1 garantizada para traer de vuelta esos recuerdos invaluables: revive la edad de oro de los juegos en los a\u00f1os 80 y 90 con m\u00e1s de 20,000 opciones para cada juego cl\u00e1sico que puedas imaginar.<br \/>\n* F\u00e1cil de usar: Plug and play, operaci\u00f3n simple, los jugadores pueden experimentar varios juegos somatosensoriales con solo agitar el mango. Se puede conectar a computadoras, televisores, proyectores y m\u00e1s.<br \/>\n* Salida HD: Admite salida de video de TV de ultra alta definici\u00f3n 4k. Puedes disfrutar de videojuegos v\u00edvidos e interesantes en la pantalla grande para una experiencia de juego m\u00e1s c\u00f3moda.<br \/>\n* Disfruta con amigos y familias: si\u00e9ntete libre de sentarte en el c\u00f3modo sof\u00e1 y disfrutar de tus nost\u00e1lgicos juegos de palos. Puedes jugar eficientemente. Con 2 controladores inal\u00e1mbricos, disfruta del juego Nostalgia Stick con tus seres queridos.<br \/>\n* Ahorra dinero: con la consola de juegos 2024, obtienes una consola, 2 controladores, chips de memoria, cables HDMI y miles de juegos por una fracci\u00f3n del precio.COMO UTILIZAR:<\/p>\n<p>Paso 1: Conecte el stick a su televisor a trav\u00e9s de HDMI.<br \/>\nPaso 2: Ponga su televisor en la entrada HDMI correcta.<br \/>\nPaso 3: \u00a1Ahora simplemente rel\u00e1jate y disfruta de m\u00e1s de 3800+\/10,000+\/20,000+ juegos retro!<\/p>\n<p>PAQUETE INCLUYE:<\/p>\n<p>* 1 Mini videojuego<br \/>\n* 2 Controladores inal\u00e1mbricos<br \/>\n* 1 Receptor de se\u00f1al USB<br \/>\n* 1 Cable de extensi\u00f3n HDMI<br \/>\n* 1 Cable de alimentaci\u00f3n USB<br \/>\n* 1 Manual de usuario<br \/>\n* 1 Tarjeta TF de 64 GB, m\u00e1s de 10 000 juegos<\/p>\n<p>&nbsp;<\/p>\n","protected":false},"excerpt":{"rendered":"<p>GAME STICK CONSOLE PORT\u00c1TIL JOGOS RETRO 2.4G WIRELESS LITE CONTROLED GAMEPAD Console Game Stick 4k compacto, plug and play, no<\/p>\n","protected":false},"featured_media":10715,"comment_status":"open","ping_status":"closed","template":"","meta":{"_joinchat":[]},"product_cat":[28],"product_tag":[],"class_list":{"0":"post-10281","1":"product","2":"type-product","3":"status-publish","4":"has-post-thumbnail","6":"product_cat-videojuegos","8":"first","9":"outofstock","10":"shipping-taxable","11":"purchasable","12":"product-type-simple"},"jetpack_sharing_enabled":true,"_links":{"self":[{"href":"https:\/\/almacentecno.com.ar\/index.php\/wp-json\/wp\/v2\/product\/10281"}],"collection":[{"href":"https:\/\/almacentecno.com.ar\/index.php\/wp-json\/wp\/v2\/product"}],"about":[{"href":"https:\/\/almacentecno.com.ar\/index.php\/wp-json\/wp\/v2\/types\/product"}],"replies":[{"embeddable":true,"href":"https:\/\/almacentecno.com.ar\/index.php\/wp-json\/wp\/v2\/comments?post=10281"}],"version-history":[{"count":3,"href":"https:\/\/almacentecno.com.ar\/index.php\/wp-json\/wp\/v2\/product\/10281\/revisions"}],"predecessor-version":[{"id":10716,"href":"https:\/\/almacentecno.com.ar\/index.php\/wp-json\/wp\/v2\/product\/10281\/revisions\/10716"}],"wp:featuredmedia":[{"embeddable":true,"href":"https:\/\/almacentecno.com.ar\/index.php\/wp-json\/wp\/v2\/media\/10715"}],"wp:attachment":[{"href":"https:\/\/almacentecno.com.ar\/index.php\/wp-json\/wp\/v2\/media?parent=10281"}],"wp:term":[{"taxonomy":"product_cat","embeddable":true,"href":"https:\/\/almacentecno.com.ar\/index.php\/wp-json\/wp\/v2\/product_cat?post=10281"},{"taxonomy":"product_tag","embeddable":true,"href":"https:\/\/almacentecno.com.ar\/index.php\/wp-json\/wp\/v2\/product_tag?post=10281"}],"curies":[{"name":"wp","href":"https:\/\/api.w.org\/{rel}","templated":true}]}}