{"id":10233,"date":"2023-06-12T19:12:18","date_gmt":"2023-06-12T19:12:18","guid":{"rendered":"https:\/\/almacentecno.com.ar\/?post_type=product&#038;p=10233"},"modified":"2025-05-13T19:14:48","modified_gmt":"2025-05-13T19:14:48","slug":"joystick-consola-de-videojuegos","status":"publish","type":"product","link":"https:\/\/almacentecno.com.ar\/index.php\/product\/joystick-consola-de-videojuegos\/","title":{"rendered":"Joystick consola de videojuegos"},"content":{"rendered":"<p class=\"ui-pdp-title\">Joystick Consola De Videojuegos Para Tv GamePad Dinax<\/p>\n<p>Con tu consola Arcade tendr\u00e1s entretenimiento asegurado todos los d\u00edas.<\/p>\n<p>Su tecnolog\u00eda fue creada para poner nuevos retos tanto a jugadores principiantes como expertos.<\/p>\n<p>Todos los juegos incorporados!!<\/p>\n","protected":false},"excerpt":{"rendered":"<p>Joystick Consola De Videojuegos Para Tv GamePad Dinax Con tu consola Arcade tendr\u00e1s entretenimiento asegurado todos los d\u00edas. Su tecnolog\u00eda<\/p>\n","protected":false},"featured_media":10234,"comment_status":"open","ping_status":"closed","template":"","meta":{"_joinchat":[]},"product_cat":[28],"product_tag":[],"class_list":{"0":"post-10233","1":"product","2":"type-product","3":"status-publish","4":"has-post-thumbnail","6":"product_cat-videojuegos","8":"first","9":"instock","10":"shipping-taxable","11":"purchasable","12":"product-type-simple"},"jetpack_sharing_enabled":true,"_links":{"self":[{"href":"https:\/\/almacentecno.com.ar\/index.php\/wp-json\/wp\/v2\/product\/10233"}],"collection":[{"href":"https:\/\/almacentecno.com.ar\/index.php\/wp-json\/wp\/v2\/product"}],"about":[{"href":"https:\/\/almacentecno.com.ar\/index.php\/wp-json\/wp\/v2\/types\/product"}],"replies":[{"embeddable":true,"href":"https:\/\/almacentecno.com.ar\/index.php\/wp-json\/wp\/v2\/comments?post=10233"}],"version-history":[{"count":1,"href":"https:\/\/almacentecno.com.ar\/index.php\/wp-json\/wp\/v2\/product\/10233\/revisions"}],"predecessor-version":[{"id":10236,"href":"https:\/\/almacentecno.com.ar\/index.php\/wp-json\/wp\/v2\/product\/10233\/revisions\/10236"}],"wp:featuredmedia":[{"embeddable":true,"href":"https:\/\/almacentecno.com.ar\/index.php\/wp-json\/wp\/v2\/media\/10234"}],"wp:attachment":[{"href":"https:\/\/almacentecno.com.ar\/index.php\/wp-json\/wp\/v2\/media?parent=10233"}],"wp:term":[{"taxonomy":"product_cat","embeddable":true,"href":"https:\/\/almacentecno.com.ar\/index.php\/wp-json\/wp\/v2\/product_cat?post=10233"},{"taxonomy":"product_tag","embeddable":true,"href":"https:\/\/almacentecno.com.ar\/index.php\/wp-json\/wp\/v2\/product_tag?post=10233"}],"curies":[{"name":"wp","href":"https:\/\/api.w.org\/{rel}","templated":true}]}}