{"id":10193,"date":"2023-04-13T22:49:30","date_gmt":"2023-04-13T22:49:30","guid":{"rendered":"https:\/\/almacentecno.com.ar\/?post_type=product&#038;p=10193"},"modified":"2025-12-05T22:33:44","modified_gmt":"2025-12-05T22:33:44","slug":"auriculares-pop-it","status":"publish","type":"product","link":"https:\/\/almacentecno.com.ar\/index.php\/product\/auriculares-pop-it\/","title":{"rendered":"Auriculares Inalambricos Dise\u00f1o"},"content":{"rendered":"<p>AURICULARES CON DISE\u00d1O LABUBU\/ HELLO KITTY\/ KUROMI\/MINIONS<\/p>\n<p>Auriculares inal\u00e1mbricos con Bluetooth, auriculares plegables,<br \/>\nC\u00f3modo de usar con un dise\u00f1o de estructura ergon\u00f3mica del canal auditivo.<br \/>\nEquipado con tecnolog\u00eda de reducci\u00f3n de ruido y un micr\u00f3fono incorporado, suprime el ruido y el ruido ambiental durante las llamadas y permite llamadas c\u00f3modas que pueden ser escuchadas por el otro destinatario.<\/p>\n<p>Puerto Sd<\/p>\n<p>Radio Fm<\/p>\n<p>Incluye cable auxiliar y cable de carga<\/p>\n","protected":false},"excerpt":{"rendered":"<p>AURICULARES CON DISE\u00d1O LABUBU\/ HELLO KITTY\/ KUROMI\/MINIONS Auriculares inal\u00e1mbricos con Bluetooth, auriculares plegables, C\u00f3modo de usar con un dise\u00f1o de<\/p>\n","protected":false},"featured_media":11198,"comment_status":"open","ping_status":"closed","template":"","meta":{"_joinchat":[]},"product_cat":[20,53],"product_tag":[],"class_list":{"0":"post-10193","1":"product","2":"type-product","3":"status-publish","4":"has-post-thumbnail","6":"product_cat-auriculares","7":"product_cat-juguetes","9":"first","10":"instock","11":"shipping-taxable","12":"purchasable","13":"product-type-simple"},"jetpack_sharing_enabled":true,"_links":{"self":[{"href":"https:\/\/almacentecno.com.ar\/index.php\/wp-json\/wp\/v2\/product\/10193"}],"collection":[{"href":"https:\/\/almacentecno.com.ar\/index.php\/wp-json\/wp\/v2\/product"}],"about":[{"href":"https:\/\/almacentecno.com.ar\/index.php\/wp-json\/wp\/v2\/types\/product"}],"replies":[{"embeddable":true,"href":"https:\/\/almacentecno.com.ar\/index.php\/wp-json\/wp\/v2\/comments?post=10193"}],"version-history":[{"count":4,"href":"https:\/\/almacentecno.com.ar\/index.php\/wp-json\/wp\/v2\/product\/10193\/revisions"}],"predecessor-version":[{"id":11202,"href":"https:\/\/almacentecno.com.ar\/index.php\/wp-json\/wp\/v2\/product\/10193\/revisions\/11202"}],"wp:featuredmedia":[{"embeddable":true,"href":"https:\/\/almacentecno.com.ar\/index.php\/wp-json\/wp\/v2\/media\/11198"}],"wp:attachment":[{"href":"https:\/\/almacentecno.com.ar\/index.php\/wp-json\/wp\/v2\/media?parent=10193"}],"wp:term":[{"taxonomy":"product_cat","embeddable":true,"href":"https:\/\/almacentecno.com.ar\/index.php\/wp-json\/wp\/v2\/product_cat?post=10193"},{"taxonomy":"product_tag","embeddable":true,"href":"https:\/\/almacentecno.com.ar\/index.php\/wp-json\/wp\/v2\/product_tag?post=10193"}],"curies":[{"name":"wp","href":"https:\/\/api.w.org\/{rel}","templated":true}]}}