{"id":10158,"date":"2023-03-09T22:06:08","date_gmt":"2023-03-09T22:06:08","guid":{"rendered":"https:\/\/almacentecno.com.ar\/?post_type=product&#038;p=10158"},"modified":"2024-01-09T21:41:36","modified_gmt":"2024-01-09T21:41:36","slug":"kit-teclado-y-mouse-inalambrico-philips-c323","status":"publish","type":"product","link":"https:\/\/almacentecno.com.ar\/index.php\/product\/kit-teclado-y-mouse-inalambrico-philips-c323\/","title":{"rendered":"Kit Teclado y Mouse Inal\u00e1mbrico Philips C323"},"content":{"rendered":"<ul>\n<li>Dise\u00f1ado para tus tareas<\/li>\n<li>Dise\u00f1o resistente facilita la limpieza<\/li>\n<li>Conectividad inal\u00e1mbrica de 2,4 GHz para m\u00e1s comodidad<\/li>\n<li>Botones de perfil bajo para una escritura c\u00f3moda y silenciosa<\/li>\n<li>Mouse 3 botones<\/li>\n<li>Dise\u00f1o compacto<\/li>\n<li>Teclas redondas<\/li>\n<li>Sin cableUn teclado perfecto para la oficina, formato espa\u00f1ol, inal\u00e1mbrico, con un bello dise\u00f1o en v, para mas comodidad y con teclas redondeadas d\u00e1ndole un aire innovador en el trabajo u hogar, sumado a un mouse ancho, c\u00f3modo, tanto para personas diestras como zurdas.\n<p>\u2013 USB 2.0<br \/>\n\u2013 Panel frontal de pl\u00e1stico<br \/>\n\u2013 Rat\u00f3n de precisi\u00f3n con sensor \u00f3ptico<br \/>\n\u2013 800\/1200 DPI, 2 niveles DPI ajustable<\/li>\n<\/ul>\n<p>&nbsp;<\/p>\n","protected":false},"excerpt":{"rendered":"<p>Dise\u00f1ado para tus tareas Dise\u00f1o resistente facilita la limpieza Conectividad inal\u00e1mbrica de 2,4 GHz para m\u00e1s comodidad Botones de perfil<\/p>\n","protected":false},"featured_media":10160,"comment_status":"open","ping_status":"closed","template":"","meta":{"_joinchat":[]},"product_cat":[75],"product_tag":[],"class_list":{"0":"post-10158","1":"product","2":"type-product","3":"status-publish","4":"has-post-thumbnail","6":"product_cat-computacion","8":"first","9":"instock","10":"shipping-taxable","11":"purchasable","12":"product-type-simple"},"jetpack_sharing_enabled":true,"_links":{"self":[{"href":"https:\/\/almacentecno.com.ar\/index.php\/wp-json\/wp\/v2\/product\/10158"}],"collection":[{"href":"https:\/\/almacentecno.com.ar\/index.php\/wp-json\/wp\/v2\/product"}],"about":[{"href":"https:\/\/almacentecno.com.ar\/index.php\/wp-json\/wp\/v2\/types\/product"}],"replies":[{"embeddable":true,"href":"https:\/\/almacentecno.com.ar\/index.php\/wp-json\/wp\/v2\/comments?post=10158"}],"version-history":[{"count":1,"href":"https:\/\/almacentecno.com.ar\/index.php\/wp-json\/wp\/v2\/product\/10158\/revisions"}],"predecessor-version":[{"id":10161,"href":"https:\/\/almacentecno.com.ar\/index.php\/wp-json\/wp\/v2\/product\/10158\/revisions\/10161"}],"wp:featuredmedia":[{"embeddable":true,"href":"https:\/\/almacentecno.com.ar\/index.php\/wp-json\/wp\/v2\/media\/10160"}],"wp:attachment":[{"href":"https:\/\/almacentecno.com.ar\/index.php\/wp-json\/wp\/v2\/media?parent=10158"}],"wp:term":[{"taxonomy":"product_cat","embeddable":true,"href":"https:\/\/almacentecno.com.ar\/index.php\/wp-json\/wp\/v2\/product_cat?post=10158"},{"taxonomy":"product_tag","embeddable":true,"href":"https:\/\/almacentecno.com.ar\/index.php\/wp-json\/wp\/v2\/product_tag?post=10158"}],"curies":[{"name":"wp","href":"https:\/\/api.w.org\/{rel}","templated":true}]}}