{"id":10151,"date":"2023-03-08T16:46:11","date_gmt":"2023-03-08T16:46:11","guid":{"rendered":"https:\/\/almacentecno.com.ar\/?post_type=product&#038;p=10151"},"modified":"2026-02-20T20:57:43","modified_gmt":"2026-02-20T20:57:43","slug":"aro-de-leds-rgb-30cm-soporte-para-celular-tripode-2-metros","status":"publish","type":"product","link":"https:\/\/almacentecno.com.ar\/index.php\/product\/aro-de-leds-rgb-30cm-soporte-para-celular-tripode-2-metros\/","title":{"rendered":"Aro De Leds Rgb 30cm  Soporte Para Celular + Tr\u00edpode 2 Metros"},"content":{"rendered":"<p>ARO DE LUZ LED RGB 30CM DE DI\u00c1METRO (BLANCO FR\u00cdO, NATURAL, C\u00c1LIDO) Y 16 COLORES<\/p>\n<p>TRIPODE DE 2 METROS<\/p>\n<p>COLOR Y BRILLO AJUSTABLE: La luz del anillo LED tiene 3 modos de luz blanca Colores: Blanco c\u00e1lido, blanco natural, blanco fr\u00edo y 26 colores RGB: 13 de un solo color y 13 colores mezclados, cada color de luz tiene 10 niveles de brillo, temperatura de color 3200-5600K.<\/p>\n<p>ILUMINACI\u00d3N: Este aro de luz es perfecto para tomarte fotograf\u00edas para tus redes sociales, transmitir en vivo en Facebook, YouTube, Instagram, Videollamadas por Zoom o a trav\u00e9s de cualquier plataforma, toma incre\u00edbles fotos a tus productos, puedes darle mil usos.<\/p>\n<p>SOPORTE PARA CELULAR: Cuenta con soporte para colocar tu celular, puedes manejar el \u00e1ngulo de luz del v\u00eddeo, proporcionando una iluminaci\u00f3n de posici\u00f3n adecuada. \u00a1Luces de anillo LED activas en varias escenas como radiodifusi\u00f3n en vivo por internet, conferencias web, teletrabajo, videollamadas, autorretratos, YouTube, Facebook, Twitter, Instagram, etcALIMENTACI\u00d3N USB: El aro de luz funciona con la mayor\u00eda de los dispositivos que admiten puertos USB, como PC, adaptador de CA, Cargador USB, etc. El adaptador de corriente sugerido es de 5V. El cable USB mide 2m de largo, puede usarlo sin dudarlo, como leer en el dormitorio, trabajar en la Oficina maquillarse y transmitir en vivo.<\/p>\n<p>&nbsp;<\/p>\n","protected":false},"excerpt":{"rendered":"<p>ARO DE LUZ LED RGB 30CM DE DI\u00c1METRO (BLANCO FR\u00cdO, NATURAL, C\u00c1LIDO) Y 16 COLORES TRIPODE DE 2 METROS COLOR<\/p>\n","protected":false},"featured_media":10748,"comment_status":"open","ping_status":"closed","template":"","meta":{"_joinchat":[]},"product_cat":[77,42],"product_tag":[],"class_list":{"0":"post-10151","1":"product","2":"type-product","3":"status-publish","4":"has-post-thumbnail","6":"product_cat-accesorios","7":"product_cat-iluminacion","9":"first","10":"instock","11":"shipping-taxable","12":"purchasable","13":"product-type-simple"},"jetpack_sharing_enabled":true,"_links":{"self":[{"href":"https:\/\/almacentecno.com.ar\/index.php\/wp-json\/wp\/v2\/product\/10151"}],"collection":[{"href":"https:\/\/almacentecno.com.ar\/index.php\/wp-json\/wp\/v2\/product"}],"about":[{"href":"https:\/\/almacentecno.com.ar\/index.php\/wp-json\/wp\/v2\/types\/product"}],"replies":[{"embeddable":true,"href":"https:\/\/almacentecno.com.ar\/index.php\/wp-json\/wp\/v2\/comments?post=10151"}],"version-history":[{"count":7,"href":"https:\/\/almacentecno.com.ar\/index.php\/wp-json\/wp\/v2\/product\/10151\/revisions"}],"predecessor-version":[{"id":11325,"href":"https:\/\/almacentecno.com.ar\/index.php\/wp-json\/wp\/v2\/product\/10151\/revisions\/11325"}],"wp:featuredmedia":[{"embeddable":true,"href":"https:\/\/almacentecno.com.ar\/index.php\/wp-json\/wp\/v2\/media\/10748"}],"wp:attachment":[{"href":"https:\/\/almacentecno.com.ar\/index.php\/wp-json\/wp\/v2\/media?parent=10151"}],"wp:term":[{"taxonomy":"product_cat","embeddable":true,"href":"https:\/\/almacentecno.com.ar\/index.php\/wp-json\/wp\/v2\/product_cat?post=10151"},{"taxonomy":"product_tag","embeddable":true,"href":"https:\/\/almacentecno.com.ar\/index.php\/wp-json\/wp\/v2\/product_tag?post=10151"}],"curies":[{"name":"wp","href":"https:\/\/api.w.org\/{rel}","templated":true}]}}