{"id":10135,"date":"2023-03-03T20:18:08","date_gmt":"2023-03-03T20:18:08","guid":{"rendered":"https:\/\/almacentecno.com.ar\/?post_type=product&#038;p=10135"},"modified":"2024-05-16T23:52:03","modified_gmt":"2024-05-16T23:52:03","slug":"cargador-powerbank-6700-mah-2x-1usb-2-4a","status":"publish","type":"product","link":"https:\/\/almacentecno.com.ar\/index.php\/product\/cargador-powerbank-6700-mah-2x-1usb-2-4a\/","title":{"rendered":"Cargador Powerbank 6700 Mah 2x 1usb 2.4a"},"content":{"rendered":"<p>\u00a1Libre del toma corriente! Duracell Powerbank 6700 mAh recargable es una soluci\u00f3n port\u00e1til para mantener su tel\u00e9fono inteligente u otro dispositivo USB cargado dondequiera que est\u00e9. Esta pila port\u00e1til de carga r\u00e1pida y alta capacidad ofrece hasta 2 cargas adicionales * para que pueda seguir usando su dispositivo sin interrupciones ni preocupaciones. Gracias a la tecnolog\u00eda de doble carga, puede cargar simult\u00e1neamente la pila port\u00e1til y su dispositivo. Adem\u00e1s, con la luz indicadora LED, siempre puede verificar cu\u00e1nta energ\u00eda queda. Las 10 funciones de seguridad de Duracell aseguran que usted tenga acceso a energ\u00eda segura y port\u00e1til.<\/p>\n","protected":false},"excerpt":{"rendered":"<p>\u00a1Libre del toma corriente! Duracell Powerbank 6700 mAh recargable es una soluci\u00f3n port\u00e1til para mantener su tel\u00e9fono inteligente u otro<\/p>\n","protected":false},"featured_media":10137,"comment_status":"open","ping_status":"closed","template":"","meta":{"_joinchat":[]},"product_cat":[76],"product_tag":[],"class_list":{"0":"post-10135","1":"product","2":"type-product","3":"status-publish","4":"has-post-thumbnail","6":"product_cat-cargadores","8":"first","9":"outofstock","10":"shipping-taxable","11":"purchasable","12":"product-type-simple"},"jetpack_sharing_enabled":true,"_links":{"self":[{"href":"https:\/\/almacentecno.com.ar\/index.php\/wp-json\/wp\/v2\/product\/10135"}],"collection":[{"href":"https:\/\/almacentecno.com.ar\/index.php\/wp-json\/wp\/v2\/product"}],"about":[{"href":"https:\/\/almacentecno.com.ar\/index.php\/wp-json\/wp\/v2\/types\/product"}],"replies":[{"embeddable":true,"href":"https:\/\/almacentecno.com.ar\/index.php\/wp-json\/wp\/v2\/comments?post=10135"}],"version-history":[{"count":1,"href":"https:\/\/almacentecno.com.ar\/index.php\/wp-json\/wp\/v2\/product\/10135\/revisions"}],"predecessor-version":[{"id":10138,"href":"https:\/\/almacentecno.com.ar\/index.php\/wp-json\/wp\/v2\/product\/10135\/revisions\/10138"}],"wp:featuredmedia":[{"embeddable":true,"href":"https:\/\/almacentecno.com.ar\/index.php\/wp-json\/wp\/v2\/media\/10137"}],"wp:attachment":[{"href":"https:\/\/almacentecno.com.ar\/index.php\/wp-json\/wp\/v2\/media?parent=10135"}],"wp:term":[{"taxonomy":"product_cat","embeddable":true,"href":"https:\/\/almacentecno.com.ar\/index.php\/wp-json\/wp\/v2\/product_cat?post=10135"},{"taxonomy":"product_tag","embeddable":true,"href":"https:\/\/almacentecno.com.ar\/index.php\/wp-json\/wp\/v2\/product_tag?post=10135"}],"curies":[{"name":"wp","href":"https:\/\/api.w.org\/{rel}","templated":true}]}}