{"id":10095,"date":"2023-02-14T14:56:14","date_gmt":"2023-02-14T14:56:14","guid":{"rendered":"https:\/\/almacentecno.com.ar\/?post_type=product&#038;p=10095"},"modified":"2025-12-05T22:18:19","modified_gmt":"2025-12-05T22:18:19","slug":"microfono-aitech-karaoke-con-parlante-inalambrico","status":"publish","type":"product","link":"https:\/\/almacentecno.com.ar\/index.php\/product\/microfono-aitech-karaoke-con-parlante-inalambrico\/","title":{"rendered":"Microfono Karaoke con Parlante Inalambrico luces led"},"content":{"rendered":"<p>MICROFONO INALAMBRICO KARAOKE<\/p>\n<p>Parlante Incorporado<br \/>\nConexi\u00f3n Bluetooth<br \/>\nReproduce M\u00fasica<br \/>\nBotones de Encendido<br \/>\nRecargable V\u00eda USB<br \/>\nLuces led<br \/>\nIncluye cable de carga<br \/>\nConsta de un micr\u00f3fono inal\u00e1mbrico con parlante incorporado que se conecta a tu celular por Bluetooth para que pongas tu m\u00fasica directo de Spotify, Youtube o de donde gustes.<br \/>\nIncluso sirve como meg\u00e1fono<br \/>\nAlta Fidelidad de Sonido.<br \/>\nFuncion Eco.<br \/>\nSin necesidad de cables o estructuras, ni de quedarte siempre cerca del parlante.<br \/>\nUtil\u00edzalo en tu casa, en una reuni\u00f3n, fiesta, en el auto, donde quieras.<\/p>\n","protected":false},"excerpt":{"rendered":"<p>MICROFONO INALAMBRICO KARAOKE Parlante Incorporado Conexi\u00f3n Bluetooth Reproduce M\u00fasica Botones de Encendido Recargable V\u00eda USB Luces led Incluye cable de<\/p>\n","protected":false},"featured_media":11190,"comment_status":"open","ping_status":"closed","template":"","meta":{"_joinchat":[]},"product_cat":[78,53],"product_tag":[],"class_list":{"0":"post-10095","1":"product","2":"type-product","3":"status-publish","4":"has-post-thumbnail","6":"product_cat-equipos-de-sonido","7":"product_cat-juguetes","9":"first","10":"instock","11":"shipping-taxable","12":"purchasable","13":"product-type-simple"},"jetpack_sharing_enabled":true,"_links":{"self":[{"href":"https:\/\/almacentecno.com.ar\/index.php\/wp-json\/wp\/v2\/product\/10095"}],"collection":[{"href":"https:\/\/almacentecno.com.ar\/index.php\/wp-json\/wp\/v2\/product"}],"about":[{"href":"https:\/\/almacentecno.com.ar\/index.php\/wp-json\/wp\/v2\/types\/product"}],"replies":[{"embeddable":true,"href":"https:\/\/almacentecno.com.ar\/index.php\/wp-json\/wp\/v2\/comments?post=10095"}],"version-history":[{"count":3,"href":"https:\/\/almacentecno.com.ar\/index.php\/wp-json\/wp\/v2\/product\/10095\/revisions"}],"predecessor-version":[{"id":11191,"href":"https:\/\/almacentecno.com.ar\/index.php\/wp-json\/wp\/v2\/product\/10095\/revisions\/11191"}],"wp:featuredmedia":[{"embeddable":true,"href":"https:\/\/almacentecno.com.ar\/index.php\/wp-json\/wp\/v2\/media\/11190"}],"wp:attachment":[{"href":"https:\/\/almacentecno.com.ar\/index.php\/wp-json\/wp\/v2\/media?parent=10095"}],"wp:term":[{"taxonomy":"product_cat","embeddable":true,"href":"https:\/\/almacentecno.com.ar\/index.php\/wp-json\/wp\/v2\/product_cat?post=10095"},{"taxonomy":"product_tag","embeddable":true,"href":"https:\/\/almacentecno.com.ar\/index.php\/wp-json\/wp\/v2\/product_tag?post=10095"}],"curies":[{"name":"wp","href":"https:\/\/api.w.org\/{rel}","templated":true}]}}