{"id":10073,"date":"2023-02-06T23:49:04","date_gmt":"2023-02-06T23:49:04","guid":{"rendered":"https:\/\/almacentecno.com.ar\/?post_type=product&#038;p=10073"},"modified":"2024-05-16T23:46:05","modified_gmt":"2024-05-16T23:46:05","slug":"auriculares-daewoo-spot-negro-o-blanco","status":"publish","type":"product","link":"https:\/\/almacentecno.com.ar\/index.php\/product\/auriculares-daewoo-spot-negro-o-blanco\/","title":{"rendered":"Auriculares Daewoo Spot  Blanco"},"content":{"rendered":"<h2 class=\"sc-34c797d0-1 GgMuA\">Descripci\u00f3n<\/h2>\n<ul class=\"sc-34c797d0-2 itQtWk\">\n<li class=\"sc-34c797d0-3 gMkegO\">\n<h3 class=\"sc-34c797d0-4 cvSxZu\">Caracter\u00edsticas<\/h3>\n<div class=\"sc-34c797d0-6 iPovTs\">\n<div id=\"5be076091400007e6b00a682\">\n<ul>\n<li>Rango de frecuencia: 2.4 hz &#8211; 2.4 ghz<\/li>\n<li>Autonom\u00eda: 3 hs de reproducci\u00f3n<\/li>\n<li>Tiempo de carga: 2 hs<\/li>\n<li>Bater\u00eda auricular: Litio 40 mAh<\/li>\n<li>Bater\u00eda base de carga: Litio 300 mAh<\/li>\n<li>Puerto de carga: Tipo C<\/li>\n<\/ul>\n<\/div>\n<\/div>\n<\/li>\n<li class=\"sc-34c797d0-3 gMkegO\">\n<h3 class=\"sc-34c797d0-4 cvSxZu\">Bater\u00eda<\/h3>\n<div class=\"sc-34c797d0-6 iPovTs\">\n<div id=\"5c0547aa140000c401ed1e5e\">\n<p>Su pr\u00e1ctico y moderno estuche de almacenamiento tambi\u00e9n funciona como caja de carga. Con una bater\u00eda de 300 mAh, podr\u00e1s cargar tus auriculares mientras los guard\u00e1s, obteniendo una autonom\u00eda de hasta 3 hr de reproducci\u00f3n.<\/p>\n<\/div>\n<\/div>\n<\/li>\n<li class=\"sc-34c797d0-3 gMkegO\">\n<h3 class=\"sc-34c797d0-4 cvSxZu\">Conectividad<\/h3>\n<div class=\"sc-34c797d0-6 iPovTs\">\n<div id=\"5a301bee14000063004908e3\">\n<p>Los auriculares Daewoo Spot DW-SP0910 poseen tecnolog\u00eda TWS y conexi\u00f3n inal\u00e1mbrica mediante Bluetooth, por lo que podr\u00e1s escuchar toda tu m\u00fasica favorita sin interrupciones y sin cables<\/p>\n<p>ACA PODES VER EL UNBOXING<\/p>\n<\/div>\n<p><a href=\"https:\/\/www.youtube.com\/watch?v=3yinpW2XQwA\">https:\/\/www.youtube.com\/watch?v=3yinpW2XQwA<\/a><\/p>\n<\/div>\n<\/li>\n<\/ul>\n","protected":false},"excerpt":{"rendered":"<p>Descripci\u00f3n Caracter\u00edsticas Rango de frecuencia: 2.4 hz &#8211; 2.4 ghz Autonom\u00eda: 3 hs de reproducci\u00f3n Tiempo de carga: 2 hs<\/p>\n","protected":false},"featured_media":10075,"comment_status":"open","ping_status":"closed","template":"","meta":{"_joinchat":[]},"product_cat":[20],"product_tag":[],"class_list":{"0":"post-10073","1":"product","2":"type-product","3":"status-publish","4":"has-post-thumbnail","6":"product_cat-auriculares","8":"first","9":"outofstock","10":"shipping-taxable","11":"purchasable","12":"product-type-simple"},"jetpack_sharing_enabled":true,"_links":{"self":[{"href":"https:\/\/almacentecno.com.ar\/index.php\/wp-json\/wp\/v2\/product\/10073"}],"collection":[{"href":"https:\/\/almacentecno.com.ar\/index.php\/wp-json\/wp\/v2\/product"}],"about":[{"href":"https:\/\/almacentecno.com.ar\/index.php\/wp-json\/wp\/v2\/types\/product"}],"replies":[{"embeddable":true,"href":"https:\/\/almacentecno.com.ar\/index.php\/wp-json\/wp\/v2\/comments?post=10073"}],"version-history":[{"count":3,"href":"https:\/\/almacentecno.com.ar\/index.php\/wp-json\/wp\/v2\/product\/10073\/revisions"}],"predecessor-version":[{"id":10247,"href":"https:\/\/almacentecno.com.ar\/index.php\/wp-json\/wp\/v2\/product\/10073\/revisions\/10247"}],"wp:featuredmedia":[{"embeddable":true,"href":"https:\/\/almacentecno.com.ar\/index.php\/wp-json\/wp\/v2\/media\/10075"}],"wp:attachment":[{"href":"https:\/\/almacentecno.com.ar\/index.php\/wp-json\/wp\/v2\/media?parent=10073"}],"wp:term":[{"taxonomy":"product_cat","embeddable":true,"href":"https:\/\/almacentecno.com.ar\/index.php\/wp-json\/wp\/v2\/product_cat?post=10073"},{"taxonomy":"product_tag","embeddable":true,"href":"https:\/\/almacentecno.com.ar\/index.php\/wp-json\/wp\/v2\/product_tag?post=10073"}],"curies":[{"name":"wp","href":"https:\/\/api.w.org\/{rel}","templated":true}]}}