{"id":10058,"date":"2023-01-30T18:43:13","date_gmt":"2023-01-30T18:43:13","guid":{"rendered":"https:\/\/almacentecno.com.ar\/?post_type=product&#038;p=10058"},"modified":"2024-09-11T22:13:25","modified_gmt":"2024-09-11T22:13:25","slug":"mouse-inalambrico-logitech-m190","status":"publish","type":"product","link":"https:\/\/almacentecno.com.ar\/index.php\/product\/mouse-inalambrico-logitech-m190\/","title":{"rendered":"Mouse Inalambrico Logitech M190"},"content":{"rendered":"<p>CONFORT EN TAMA\u00d1O NORMAL. TECNOLOG\u00cdA INAL\u00c1MBRICA SIN DEMORAS.<br \/>\nLogitech M190 es un mouse inal\u00e1mbrico de tama\u00f1o normal con un confortable dise\u00f1o contorneado que sigue la curva natural de las manos de tama\u00f1o mediano a grande.<\/p>\n<p>Trabajar\u00e1s de forma inal\u00e1mbrica y podr\u00e1s moverte libremente hasta a 10 metros de distancia, sin pr\u00e1cticamente demoras ni interrupciones. Obtendr\u00e1s gran calidad con 18 meses de duraci\u00f3n de bater\u00eda, seguimiento de precisi\u00f3n y desplazamiento l\u00ednea a l\u00ednea a un precio asequible.<\/p>\n<p>TAMA\u00d1O NORMAL. CONFORTCOMPLETO.<br \/>\nConfort \u00f3ptimo para la mano derecha o izquierda, con una forma contorneada dise\u00f1ada para seguir la curva natural de las manos m\u00e1s grandes. Los botones especialmente c\u00f3ncavos gu\u00edan tus dedos a la posici\u00f3n ideal, y el soporte adicional para la palma de la mano proporciona confort permanente.<\/p>\n<p>CALIDAD QUE PERDURA<br \/>\nObt\u00e9n la durabilidad y la confiabilidad que te da el l\u00edder mundial en mouse y teclados. Tanto si utilizas el M190 con una laptop, computadora de sobremesa, en la casa o en los desplazamientos, \u00e9ste es un mouse en el que puedes confiar. Consigue calidad sin compromisos con todo lo esencial que necesitas a un precio asequible.<\/p>\n<p>TECNOLOG\u00cdA INAL\u00c1MBRICA SIN DEMORAS<br \/>\nTrabaja de forma inal\u00e1mbrica y mu\u00e9vete libremente (hasta a 10 m de distancia), sin pr\u00e1cticamente ning\u00fan tipo de retardo ni interrupci\u00f3n. Al no haber cables, tu escritorio se mantiene despejado. Y puedes llevar tu mouse f\u00e1cilmente de un espacio de trabajo a otro.<\/p>\n<p>SEGUIMIENTO PRECISO. DESPLAZAMIENTO SIN ESFUERZO.<br \/>\nNavegaci\u00f3n facilitada gracias a una experiencia de desplazamiento controlado l\u00ednea a l\u00ednea. El sensor \u00f3ptico te ofrece control del cursor fluido y preciso en casi cualquier superficie.<br \/>\nEso significa movimientos precisos del mouse sin m\u00e1s molestias de clicks perdidos.<\/p>\n<p>18 MESES. UNA AA.<br \/>\nDisfruta de 18 meses de uso sin preocupaciones. El modo de ahorro de energ\u00eda se activa autom\u00e1ticamente cuando no usas el mouse.<\/p>\n<p>PLUG AND PLAY<br \/>\nEst\u00e1 listo para usarlo inmediatamente: s\u00f3lo tienes que conectar el receptor USB y listo.<\/p>\n<p>ESPECIFICACIONES<\/p>\n<p>DIMENSIONES<br \/>\nAltura: 115,4 mm<br \/>\nAnchura: 66,1 mm<br \/>\nProfundidad: 40,3 mm<br \/>\nPeso (con pilas): 89,9 g<\/p>\n<p>REQUISITOS DEL SISTEMA<br \/>\nSistema operativo compatible: Windows\u00ae 7,9,10 o posterior \/ macOS 10.10 o posterior \/ Chrome OS\u2122 \/ Linux\u00ae kernel 2.6+<br \/>\nInterfaz: USB<\/p>\n<p>ESPECIFICACIONES T\u00c9CNICAS<br \/>\nTecnolog\u00eda de sensor: Seguimiento \u00f3ptico de alta precisi\u00f3n<br \/>\nResoluci\u00f3n de sensor: 1000 dpi<br \/>\nN\u00famero de botones: 3<br \/>\nBot\u00f3n rueda: Precisi\u00f3n l\u00ednea a l\u00ednea<br \/>\nMouse apto para Unifying: No<br \/>\nReceptor apto para Unifying: No<br \/>\nDuraci\u00f3n de la bater\u00eda: 18 meses<br \/>\nDistancia de funcionamiento inal\u00e1mbrico: 10 m 5El radio de acci\u00f3n inal\u00e1mbrico y la duraci\u00f3n de la bater\u00eda dependen del entorno y de los dispositivos.<br \/>\nTecnolog\u00eda inal\u00e1mbrica: Nano receptor Logitech<\/p>\n","protected":false},"excerpt":{"rendered":"<p>CONFORT EN TAMA\u00d1O NORMAL. TECNOLOG\u00cdA INAL\u00c1MBRICA SIN DEMORAS. Logitech M190 es un mouse inal\u00e1mbrico de tama\u00f1o normal con un confortable<\/p>\n","protected":false},"featured_media":10059,"comment_status":"open","ping_status":"closed","template":"","meta":{"_joinchat":[]},"product_cat":[75],"product_tag":[],"class_list":{"0":"post-10058","1":"product","2":"type-product","3":"status-publish","4":"has-post-thumbnail","6":"product_cat-computacion","8":"first","9":"instock","10":"shipping-taxable","11":"purchasable","12":"product-type-simple"},"jetpack_sharing_enabled":true,"_links":{"self":[{"href":"https:\/\/almacentecno.com.ar\/index.php\/wp-json\/wp\/v2\/product\/10058"}],"collection":[{"href":"https:\/\/almacentecno.com.ar\/index.php\/wp-json\/wp\/v2\/product"}],"about":[{"href":"https:\/\/almacentecno.com.ar\/index.php\/wp-json\/wp\/v2\/types\/product"}],"replies":[{"embeddable":true,"href":"https:\/\/almacentecno.com.ar\/index.php\/wp-json\/wp\/v2\/comments?post=10058"}],"version-history":[{"count":1,"href":"https:\/\/almacentecno.com.ar\/index.php\/wp-json\/wp\/v2\/product\/10058\/revisions"}],"predecessor-version":[{"id":10060,"href":"https:\/\/almacentecno.com.ar\/index.php\/wp-json\/wp\/v2\/product\/10058\/revisions\/10060"}],"wp:featuredmedia":[{"embeddable":true,"href":"https:\/\/almacentecno.com.ar\/index.php\/wp-json\/wp\/v2\/media\/10059"}],"wp:attachment":[{"href":"https:\/\/almacentecno.com.ar\/index.php\/wp-json\/wp\/v2\/media?parent=10058"}],"wp:term":[{"taxonomy":"product_cat","embeddable":true,"href":"https:\/\/almacentecno.com.ar\/index.php\/wp-json\/wp\/v2\/product_cat?post=10058"},{"taxonomy":"product_tag","embeddable":true,"href":"https:\/\/almacentecno.com.ar\/index.php\/wp-json\/wp\/v2\/product_tag?post=10058"}],"curies":[{"name":"wp","href":"https:\/\/api.w.org\/{rel}","templated":true}]}}