{"id":10008,"date":"2023-01-03T21:30:39","date_gmt":"2023-01-03T21:30:39","guid":{"rendered":"https:\/\/almacentecno.com.ar\/?post_type=product&#038;p=10008"},"modified":"2024-07-22T15:28:09","modified_gmt":"2024-07-22T15:28:09","slug":"parlante-bluetooth-4","status":"publish","type":"product","link":"https:\/\/almacentecno.com.ar\/index.php\/product\/parlante-bluetooth-4\/","title":{"rendered":"Parlante Portatil Bluetooth Radio Usb Sd 4&#8243;"},"content":{"rendered":"<p>Parlante Portatil Bluetooth Con Radio Fm Y Entrada Para Tarjeta Sd y USB Con Luces Led y tecnolog\u00eda True Wireless Stereo TWS modelo 1389 de la marca GTS.<\/p>\n<p>El parlante es portatil recargable con bajos y sonido extra bass de excelente calidad.<br \/>\nCuenta con conexion inalambrica bluetooth est\u00e9reo de hasta 10 metros de distancia y tecnologia de emparejamiento True Wireless Stereo TWS.<br \/>\nEl altavoz tiene luces led Luminosas de alta intensidad en colores RGB, para una experiencia de sonido \u00fanica.<br \/>\nEst\u00e1 equipado con Lector de Tarjeta de Memoria Micro SD y Entrada Usb para reproducci\u00f3n de m\u00fasica Mp3.<br \/>\nCuenta con botones manos libres controladores externos y modo de funci\u00f3n radio FM. Es Liviano y portatil y Facil de Transportar.<br \/>\nGracias a sus medidas (20 x 14 x 9 cm) es ideal para escuchar musica en casa, fiestas, eventos, para llevar al parque o a cualquier lugar donde vayas!<\/p>\n<p>CARACTERISTICAS<\/p>\n<p>\u00b7 Audio est\u00e9reo Inalambrico.<br \/>\n\u00b7 Puerto USB para reproducci\u00f3n de m\u00fasica MP3, con lectura de hasta 32Gb.<br \/>\n\u00b7 Contiene radio FM.<br \/>\n\u00b7 Lector de tarjeta microSD con lectura de hasta 32Gb.<br \/>\n\u00b7 Luces led RGB de alta intensidad.<br \/>\n\u00b7 Bater\u00eda recargable de ion litio de alta capacidad.<br \/>\n\u00b7 Potencia de salida: 6W.<br \/>\n\u00b7 Tiempo de carga de 4 horas.<br \/>\n\u00b7 Medida del parlante: 4 pulgadas.<br \/>\n\u00b7 Liviano y facil de transportar.<br \/>\n\u00b7 Bluetooth 5.0 + EDR. Lo \u00faltimo en tecnolog\u00eda para una conexi\u00f3n estable en todo momento.<br \/>\n\u00b7 Tecnolog\u00eda TWS True Wireless Stereo de facil configuraci\u00f3n.<br \/>\n\u00b7 Tiempo de reproducci\u00f3n: 3 horas en volumen m\u00e1ximo. De 4 a 5 horas para un uso normal.<br \/>\n\u00b7 Medidas: Alto:20cm, Ancho: 14cm, Largo: 9cm.<\/p>\n<p>&nbsp;<\/p>\n","protected":false},"excerpt":{"rendered":"<p>Parlante Portatil Bluetooth Con Radio Fm Y Entrada Para Tarjeta Sd y USB Con Luces Led y tecnolog\u00eda True Wireless<\/p>\n","protected":false},"featured_media":10670,"comment_status":"open","ping_status":"closed","template":"","meta":{"_joinchat":[]},"product_cat":[78],"product_tag":[],"class_list":{"0":"post-10008","1":"product","2":"type-product","3":"status-publish","4":"has-post-thumbnail","6":"product_cat-equipos-de-sonido","8":"first","9":"instock","10":"shipping-taxable","11":"purchasable","12":"product-type-simple"},"jetpack_sharing_enabled":true,"_links":{"self":[{"href":"https:\/\/almacentecno.com.ar\/index.php\/wp-json\/wp\/v2\/product\/10008"}],"collection":[{"href":"https:\/\/almacentecno.com.ar\/index.php\/wp-json\/wp\/v2\/product"}],"about":[{"href":"https:\/\/almacentecno.com.ar\/index.php\/wp-json\/wp\/v2\/types\/product"}],"replies":[{"embeddable":true,"href":"https:\/\/almacentecno.com.ar\/index.php\/wp-json\/wp\/v2\/comments?post=10008"}],"version-history":[{"count":3,"href":"https:\/\/almacentecno.com.ar\/index.php\/wp-json\/wp\/v2\/product\/10008\/revisions"}],"predecessor-version":[{"id":10672,"href":"https:\/\/almacentecno.com.ar\/index.php\/wp-json\/wp\/v2\/product\/10008\/revisions\/10672"}],"wp:featuredmedia":[{"embeddable":true,"href":"https:\/\/almacentecno.com.ar\/index.php\/wp-json\/wp\/v2\/media\/10670"}],"wp:attachment":[{"href":"https:\/\/almacentecno.com.ar\/index.php\/wp-json\/wp\/v2\/media?parent=10008"}],"wp:term":[{"taxonomy":"product_cat","embeddable":true,"href":"https:\/\/almacentecno.com.ar\/index.php\/wp-json\/wp\/v2\/product_cat?post=10008"},{"taxonomy":"product_tag","embeddable":true,"href":"https:\/\/almacentecno.com.ar\/index.php\/wp-json\/wp\/v2\/product_tag?post=10008"}],"curies":[{"name":"wp","href":"https:\/\/api.w.org\/{rel}","templated":true}]}}